{"id":53,"date":"2022-05-24T08:33:17","date_gmt":"2022-05-24T08:33:17","guid":{"rendered":"https:\/\/shopatazalea.com\/?page_id=53"},"modified":"2026-02-26T08:38:30","modified_gmt":"2026-02-26T16:38:30","slug":"about-us","status":"publish","type":"page","link":"https:\/\/chulavistacenter.com\/es\/about-us\/","title":{"rendered":"Acerca de Nosotros"},"content":{"rendered":"<p>[et_pb_section fb_built=&#8221;1&#8243; _builder_version=&#8221;4.17.3&#8243; _module_preset=&#8221;default&#8221; width=&#8221;100{dfff4297facf792e6290b8da5d7cb25c5ffc1f5cd116b78856aea9b3b2916910}&#8221; max_width=&#8221;100{dfff4297facf792e6290b8da5d7cb25c5ffc1f5cd116b78856aea9b3b2916910}&#8221; module_alignment=&#8221;left&#8221; min_height=&#8221;988.7px&#8221; custom_padding=&#8221;0px||0px|||&#8221; global_colors_info=&#8221;{}&#8221;][et_pb_row _builder_version=&#8221;4.27.4&#8243; _module_preset=&#8221;default&#8221; global_colors_info=&#8221;{}&#8221;][et_pb_column type=&#8221;4_4&#8243; _builder_version=&#8221;4.27.4&#8243; _module_preset=&#8221;default&#8221; global_colors_info=&#8221;{}&#8221;][et_pb_image src=&#8221;https:\/\/chulavistacenter.com\/wp-content\/uploads\/2025\/10\/ChulaVistaCenter_Fountain.jpg&#8221; title_text=&#8221;ChulaVistaCenter_Fountain&#8221; _builder_version=&#8221;4.27.4&#8243; _module_preset=&#8221;default&#8221; global_colors_info=&#8221;{}&#8221;][\/et_pb_image][\/et_pb_column][\/et_pb_row][et_pb_row column_structure=&#8221;1_2,1_2&#8243; _builder_version=&#8221;4.27.4&#8243; _module_preset=&#8221;default&#8221; global_colors_info=&#8221;{}&#8221;][et_pb_column type=&#8221;1_2&#8243; _builder_version=&#8221;4.27.4&#8243; _module_preset=&#8221;default&#8221; global_colors_info=&#8221;{}&#8221;][et_pb_text _builder_version=&#8221;4.27.4&#8243; _module_preset=&#8221;default&#8221; text_font=&#8221;Figtree||||||||&#8221; text_font_size=&#8221;45px&#8221; text_line_height=&#8221;1.4em&#8221; min_height=&#8221;55px&#8221; custom_margin=&#8221;||5px|||&#8221; custom_padding=&#8221;||0px|||&#8221; global_colors_info=&#8221;{}&#8221;]<\/p>\n<p><b>Chula Vista Center<br \/><\/b><\/p>\n<p>[\/et_pb_text][et_pb_text _builder_version=&#8221;4.27.4&#8243; _module_preset=&#8221;default&#8221; text_font=&#8221;Figtree||||||||&#8221; text_font_size=&#8221;24px&#8221; text_line_height=&#8221;1.4em&#8221; min_height=&#8221;54px&#8221; custom_margin=&#8221;||3px|||&#8221; custom_padding=&#8221;|||0px||&#8221; global_colors_info=&#8221;{}&#8221;]<\/p>\n<p>A Hub for Connection, Culture, and Art<\/p>\n<p>[\/et_pb_text][et_pb_text _builder_version=&#8221;4.27.4&#8243; _module_preset=&#8221;default&#8221; text_font_size=&#8221;18px&#8221; text_line_height=&#8221;1.4em&#8221; min_height=&#8221;148px&#8221; custom_margin=&#8221;||-41px|||&#8221; global_colors_info=&#8221;{}&#8221; custom_padding=&#8221;||0px|||&#8221;]<\/p>\n<p>&nbsp;<\/p>\n<div>\n<p>Since 1962, Chula Vista Center has been a welcoming gathering space for families across the South Bay, offering an outdoor destination to shop, dine, and enjoy community life. Today, we\u2019re reimagining what a mall can be by blending <strong>Chula Vista events<\/strong>, culture, wellness, and art with a curated mix of shopping and dining.<\/p>\n<p>Our open\u2011air center features well\u2011known stores such as <strong>Macy\u2019s<\/strong>, <strong>Burlington<\/strong>, <strong>JCPenney<\/strong>, <strong>Victoria\u2019s Secret<\/strong>, <strong>Hot Topic<\/strong>, and Aeropostale, along with services like <strong>Phenix Salon Suites<\/strong> and entertainment at <strong>AMC Theatres<\/strong>. A variety of restaurants bring people together, including <strong>BJ\u2019s Restaurant &amp; Brewery<\/strong>, <strong>Panera Bread<\/strong>, <strong>Chick\u2011fil\u2011A<\/strong>, <strong>Starbucks<\/strong>, <strong>UniSushi<\/strong>, <strong>Red Lobster<\/strong>, and <strong>See\u2019s Candies<\/strong>, <strong>Raising Cane\u2019s<\/strong> and <strong>Luna Grill<\/strong> joining soon.<\/p>\n<p>As one of the most recognized destinations for <strong>things to do in Chula Vista<\/strong>, the center hosts year\u2011round cultural celebrations, family activities, wellness programs, and seasonal festivals that highlight the city\u2019s rich diversity. Whether you\u2019re here for shopping, dining, or community experiences, Chula Vista Center continues to grow as a vibrant place where neighbors connect and families create memories together.<\/p>\n<\/div>\n<p>&nbsp;<\/p>\n<p>&nbsp;<\/p>\n<p>[\/et_pb_text][\/et_pb_column][et_pb_column type=&#8221;1_2&#8243; _builder_version=&#8221;4.27.4&#8243; _module_preset=&#8221;default&#8221; global_colors_info=&#8221;{}&#8221;][et_pb_text _builder_version=&#8221;4.27.4&#8243; _module_preset=&#8221;default&#8221; text_font=&#8221;Figtree||||||||&#8221; text_font_size=&#8221;45px&#8221; text_line_height=&#8221;1.4em&#8221; min_height=&#8221;55px&#8221; custom_margin=&#8221;||5px|||&#8221; custom_padding=&#8221;||0px|||&#8221; global_colors_info=&#8221;{}&#8221;]<\/p>\n<p><b>Chula Vista Center<br \/><\/b><\/p>\n<p>[\/et_pb_text][et_pb_text _builder_version=&#8221;4.27.4&#8243; _module_preset=&#8221;default&#8221; text_font=&#8221;Figtree||||||||&#8221; text_font_size=&#8221;24px&#8221; text_line_height=&#8221;1.4em&#8221; min_height=&#8221;54px&#8221; custom_margin=&#8221;||2px|||&#8221; custom_padding=&#8221;|||0px||&#8221; global_colors_info=&#8221;{}&#8221;]<\/p>\n<p>Un Centro de Conexi\u00f3n, Cultura y Arte<\/p>\n<p>[\/et_pb_text][et_pb_text _builder_version=&#8221;4.27.4&#8243; _module_preset=&#8221;default&#8221; text_font_size=&#8221;18px&#8221; text_line_height=&#8221;1.4em&#8221; min_height=&#8221;148px&#8221; custom_margin=&#8221;||22px|||&#8221; global_colors_info=&#8221;{}&#8221;]<\/p>\n<p>&nbsp;<\/p>\n<div>\n<p>Desde 1962, Chula Vista Center ha sido un lugar de encuentro para familias del South Bay, ofreciendo un destino al aire libre para comprar, comer y disfrutar de la vida comunitaria. Hoy estamos transformando el centro en un espacio que combina <strong>eventos en Chula Vista<\/strong>, cultura, bienestar y arte con una selecci\u00f3n \u00fanica de tiendas y restaurantes. <a href=\"https:\/\/rocketreach.co\/primestor-development-profile_b5c2dcb1f42e0f33\">[rocketreach.co]<\/a><\/p>\n<p>Nuestro centro al aire libre incluye tiendas reconocidas como <strong>Macy\u2019s<\/strong>, <strong>Burlington<\/strong>, <strong>JCPenney<\/strong>, <strong>Victoria\u2019s Secret<\/strong>, <strong>Hot Topic<\/strong> y <strong>Aeropostale<\/strong>, adem\u00e1s de servicios como <strong>Phenix Salon Suites<\/strong> y entretenimiento en <strong>AMC Theatres<\/strong>. Las opciones gastron\u00f3micas incluyen <strong>BJ\u2019s Restaurant &amp; Brewery<\/strong>, <strong>Panera Bread<\/strong>, <strong>Chick\u2011fil\u2011A<\/strong>, <strong>Starbucks<\/strong>, <strong>UniSushi<\/strong>, <strong>Red Lobster<\/strong> y <strong>See\u2019s Candies<\/strong>, <strong>Raising Cane\u2019s<\/strong> y <strong>Luna Grill<\/strong> pr\u00f3ximamente.<\/p>\n<p>Reconocido como uno de los principales destinos de <strong>cosas que hacer en Chula Vista<\/strong>, el centro ofrece celebraciones culturales, actividades familiares, programas de bienestar y festivales durante todo el a\u00f1o. Ya sea para compras, gastronom\u00eda o eventos comunitarios, Chula Vista Center sigue siendo un lugar vibrante donde la comunidad se conecta y crea momentos inolvidables.<\/p>\n<\/div>\n<p>&nbsp;<\/p>\n<p>[\/et_pb_text][\/et_pb_column][\/et_pb_row][et_pb_row _builder_version=&#8221;4.27.4&#8243; _module_preset=&#8221;default&#8221; custom_padding=&#8221;5px|||||&#8221; global_colors_info=&#8221;{}&#8221;][et_pb_column type=&#8221;4_4&#8243; _builder_version=&#8221;4.27.4&#8243; _module_preset=&#8221;default&#8221; global_colors_info=&#8221;{}&#8221;][et_pb_divider color=&#8221;#C88BDA&#8221; divider_weight=&#8221;6px&#8221; _builder_version=&#8221;4.27.4&#8243; _module_preset=&#8221;default&#8221; min_height=&#8221;18px&#8221; custom_margin=&#8221;||-1px|||&#8221; global_colors_info=&#8221;{}&#8221;][\/et_pb_divider][\/et_pb_column][\/et_pb_row][et_pb_row column_structure=&#8221;1_3,1_3,1_3&#8243; _builder_version=&#8221;4.27.4&#8243; _module_preset=&#8221;default&#8221; custom_padding=&#8221;9px|||||&#8221; global_colors_info=&#8221;{}&#8221;][et_pb_column type=&#8221;1_3&#8243; _builder_version=&#8221;4.27.4&#8243; _module_preset=&#8221;default&#8221; background_color=&#8221;#C88BDA&#8221; custom_padding=&#8221;20px|14px|20px|20px|false|false&#8221; global_colors_info=&#8221;{}&#8221;][et_pb_text _builder_version=&#8221;4.27.4&#8243; _module_preset=&#8221;default&#8221; text_font=&#8221;Figtree|600|||||||&#8221; text_text_color=&#8221;#FFFFFF&#8221; text_font_size=&#8221;24px&#8221; text_line_height=&#8221;1.2em&#8221; custom_margin=&#8221;||11px|||&#8221; global_colors_info=&#8221;{}&#8221;]<\/p>\n<p style=\"text-align: center;\">Be Part of the Movement | S\u00e9 Parte del Movimiento<\/p>\n<p>[\/et_pb_text][et_pb_text _builder_version=&#8221;4.27.4&#8243; _module_preset=&#8221;default&#8221; text_font=&#8221;Figtree||||||||&#8221; text_font_size=&#8221;16px&#8221; text_orientation=&#8221;center&#8221; custom_margin=&#8221;||16px|||&#8221; global_colors_info=&#8221;{}&#8221;]<\/p>\n<p style=\"text-align: center;\">Sign-up for our newsletter.<br \/>Suscr\u00edbete a nuestro bolet\u00edn.<\/p>\n<p>[\/et_pb_text][et_pb_button button_url=&#8221;https:\/\/lp.constantcontactpages.com\/sl\/hdSyCxn&#8221; url_new_window=&#8221;on&#8221; button_text=&#8221;Click Here | Haga Clic Aqu\u00ed&#8221; button_alignment=&#8221;center&#8221; _builder_version=&#8221;4.27.4&#8243; _module_preset=&#8221;default&#8221; custom_button=&#8221;on&#8221; button_text_size=&#8221;18px&#8221; button_text_color=&#8221;#C88BDA&#8221; button_bg_color=&#8221;#FFFFFF&#8221; button_border_width=&#8221;0px&#8221; button_border_radius=&#8221;24px&#8221; button_font=&#8221;Figtree|600|||||||&#8221; global_colors_info=&#8221;{}&#8221;][\/et_pb_button][\/et_pb_column][et_pb_column type=&#8221;1_3&#8243; _builder_version=&#8221;4.27.4&#8243; _module_preset=&#8221;default&#8221; background_color=&#8221;#C88BDA&#8221; custom_padding=&#8221;20px|14px|20px|20px|false|false&#8221; global_colors_info=&#8221;{}&#8221;][et_pb_text _builder_version=&#8221;4.27.4&#8243; _module_preset=&#8221;default&#8221; text_font=&#8221;Figtree|600|||||||&#8221; text_text_color=&#8221;#FFFFFF&#8221; text_font_size=&#8221;24px&#8221; text_line_height=&#8221;1.2em&#8221; custom_margin=&#8221;||11px|||&#8221; global_colors_info=&#8221;{}&#8221;]<\/p>\n<p style=\"text-align: center;\">Follow Us for Updates | S\u00edguenos Para M\u00e1s Novedades<\/p>\n<p>[\/et_pb_text][et_pb_icon font_icon=&#8221;&#xe0b1;||divi||400&#8243; icon_color=&#8221;#FFFFFF&#8221; icon_width=&#8221;50px&#8221; url=&#8221;https:\/\/www.instagram.com\/visitchulavistacenter\/&#8221; url_new_window=&#8221;on&#8221; _builder_version=&#8221;4.27.4&#8243; _module_preset=&#8221;default&#8221; global_colors_info=&#8221;{}&#8221;][\/et_pb_icon][et_pb_icon font_icon=&#8221;&#xe0aa;||divi||400&#8243; icon_color=&#8221;#FFFFFF&#8221; icon_width=&#8221;50px&#8221; url=&#8221;https:\/\/www.facebook.com\/people\/Chula-Vista-Center\/61573139326993\/&#8221; url_new_window=&#8221;on&#8221; _builder_version=&#8221;4.27.4&#8243; _module_preset=&#8221;default&#8221; global_colors_info=&#8221;{}&#8221;][\/et_pb_icon][\/et_pb_column][et_pb_column type=&#8221;1_3&#8243; _builder_version=&#8221;4.27.4&#8243; _module_preset=&#8221;default&#8221; background_color=&#8221;#C88BDA&#8221; custom_padding=&#8221;20px|14px|20px|20px|false|false&#8221; global_colors_info=&#8221;{}&#8221;][et_pb_text _builder_version=&#8221;4.27.4&#8243; _module_preset=&#8221;default&#8221; text_font=&#8221;Figtree|600|||||||&#8221; text_text_color=&#8221;#FFFFFF&#8221; text_font_size=&#8221;24px&#8221; text_line_height=&#8221;1.2em&#8221; custom_margin=&#8221;||11px|||&#8221; global_colors_info=&#8221;{}&#8221;]<\/p>\n<p style=\"text-align: center;\">Share Your Ideas | Comparte Tus Ideas<\/p>\n<p>[\/et_pb_text][et_pb_text _builder_version=&#8221;4.27.4&#8243; _module_preset=&#8221;default&#8221; text_font=&#8221;Figtree||||||||&#8221; text_font_size=&#8221;16px&#8221; text_orientation=&#8221;center&#8221; custom_margin=&#8221;||16px|||&#8221; global_colors_info=&#8221;{}&#8221;]<\/p>\n<p style=\"text-align: center;\">Please take our survey.<br \/>Por favor, responda nuestra encuesta.<\/p>\n<p>[\/et_pb_text][et_pb_button button_url=&#8221;https:\/\/forms.monday.com\/forms\/332cc1539a7cc159b0356d0f0916947f&#8221; url_new_window=&#8221;on&#8221; button_text=&#8221;Click Here | Haga Clic Aqu\u00ed&#8221; button_alignment=&#8221;center&#8221; _builder_version=&#8221;4.27.4&#8243; _module_preset=&#8221;default&#8221; custom_button=&#8221;on&#8221; button_text_size=&#8221;18px&#8221; button_text_color=&#8221;#C88BDA&#8221; button_bg_color=&#8221;#FFFFFF&#8221; button_border_width=&#8221;0px&#8221; button_border_radius=&#8221;24px&#8221; button_font=&#8221;Figtree|600|||||||&#8221; global_colors_info=&#8221;{}&#8221;][\/et_pb_button][\/et_pb_column][\/et_pb_row][et_pb_row column_structure=&#8221;3_5,2_5&#8243; disabled_on=&#8221;on|on|on&#8221; _builder_version=&#8221;4.27.4&#8243; _module_preset=&#8221;default&#8221; min_height=&#8221;928.7px&#8221; custom_padding=&#8221;80px||43px|||&#8221; disabled=&#8221;on&#8221; global_colors_info=&#8221;{}&#8221;][et_pb_column type=&#8221;3_5&#8243; _builder_version=&#8221;4.17.3&#8243; _module_preset=&#8221;default&#8221; global_colors_info=&#8221;{}&#8221;][et_pb_image src=&#8221;https:\/\/chulavistacenter.com\/\/wp-content\/uploads\/2024\/12\/about-1.jpg&#8221; title_text=&#8221;about-1&#8243; _builder_version=&#8221;4.27.4&#8243; _module_preset=&#8221;default&#8221; global_colors_info=&#8221;{}&#8221;][\/et_pb_image][et_pb_image src=&#8221;https:\/\/chulavistacenter.com\/wp-content\/uploads\/2025\/10\/Depositphotos_45865323_XL-scaled.jpg&#8221; title_text=&#8221;Depositphotos_45865323_XL&#8221; _builder_version=&#8221;4.27.4&#8243; _module_preset=&#8221;default&#8221; global_colors_info=&#8221;{}&#8221;][\/et_pb_image][\/et_pb_column][et_pb_column type=&#8221;2_5&#8243; _builder_version=&#8221;4.17.3&#8243; _module_preset=&#8221;default&#8221; global_colors_info=&#8221;{}&#8221;][df_adh_heading title_prefix=&#8221;About Chula Vista Center&#8221; title_infix=&#8221;Shopping in Chula Vista, CA&#8221; title_infix_block=&#8221;block&#8221; _builder_version=&#8221;4.27.4&#8243; _module_preset=&#8221;default&#8221; title_level=&#8221;h1&#8243; title_text_align=&#8221;left&#8221; title_text_color=&#8221;#000000&#8243; title_font_size=&#8221;32px&#8221; t_prefix_text_align=&#8221;left&#8221; t_infix_font_size=&#8221;20px&#8221; module_alignment=&#8221;left&#8221; custom_padding=&#8221;0px||||false|false&#8221; global_colors_info=&#8221;{}&#8221;][\/df_adh_heading][et_pb_text _builder_version=&#8221;4.17.3&#8243; _module_preset=&#8221;default&#8221; custom_padding=&#8221;0px|0px||0px|false|false&#8221; custom_padding_tablet=&#8221;0px||||false|false&#8221; custom_padding_phone=&#8221;0px||||false|false&#8221; custom_padding_last_edited=&#8221;on|desktop&#8221; global_colors_info=&#8221;{}&#8221;]<\/p>\n<p>Como uno de los centros comerciales regionales m\u00e1s reconocidos del condado de San Diego, Chula Vista Center alberga los grandes almacenes m\u00e1s cercanos a la frontera con M\u00e9xico, as\u00ed como una variedad de tiendas, restaurantes, opciones recreativas y de entretenimiento que son extremadamente populares tanto entre los compradores locales como entre los compradores mexicanos.<\/p>\n<p>[\/et_pb_text][et_pb_button button_url=&#8221;https:\/\/chulavistacenter.com\/shops\/&#8221; button_text=&#8221;Plan Your Visit&#8221; _builder_version=&#8221;4.27.4&#8243; _module_preset=&#8221;default&#8221; custom_button=&#8221;on&#8221; button_text_color=&#8221;#FFFFFF&#8221; button_bg_color=&#8221;#000000&#8243; global_colors_info=&#8221;{}&#8221;][\/et_pb_button][et_pb_divider show_divider=&#8221;off&#8221; _builder_version=&#8221;4.27.4&#8243; _module_preset=&#8221;default&#8221; custom_padding=&#8221;30px||30px||false|false&#8221; global_colors_info=&#8221;{}&#8221;][\/et_pb_divider][df_adh_heading title_prefix=&#8221;Lease space with us&#8221; _builder_version=&#8221;4.27.4&#8243; _module_preset=&#8221;default&#8221; title_level=&#8221;h1&#8243; title_text_align=&#8221;left&#8221; title_text_color=&#8221;#000000&#8243; title_font_size=&#8221;32px&#8221; t_prefix_text_align=&#8221;left&#8221; module_alignment=&#8221;left&#8221; custom_padding=&#8221;0px||||false|false&#8221; global_colors_info=&#8221;{}&#8221;][\/df_adh_heading][et_pb_text _builder_version=&#8221;4.17.3&#8243; _module_preset=&#8221;default&#8221; custom_padding=&#8221;0px|0px||0px|false|false&#8221; custom_padding_tablet=&#8221;0px||||false|false&#8221; custom_padding_phone=&#8221;0px||||false|false&#8221; custom_padding_last_edited=&#8221;on|desktop&#8221; global_colors_info=&#8221;{}&#8221;]<\/p>\n<p>Chula Vista Center tiene espacios disponibles para arrendamiento. \u00danete a nuestro estimado grupo de minoristas y aprovecha nuestra ubicaci\u00f3n privilegiada para mostrar tu marca a una audiencia diversa y comprometida. Descubre nuestras oportunidades destacadas de arrendamiento en Chula Vista.<\/p>\n<p>&nbsp;<\/p>\n<p>[\/et_pb_text][et_pb_button button_url=&#8221;https:\/\/primestor.com\/services\/leasing\/&#8221; button_text=&#8221;Learn More&#8221; _builder_version=&#8221;4.27.4&#8243; _module_preset=&#8221;default&#8221; custom_button=&#8221;on&#8221; button_text_color=&#8221;#FFFFFF&#8221; button_bg_color=&#8221;#000000&#8243; global_colors_info=&#8221;{}&#8221;][\/et_pb_button][\/et_pb_column][\/et_pb_row][et_pb_row column_structure=&#8221;1_3,1_3,1_3&#8243; _builder_version=&#8221;4.17.3&#8243; _module_preset=&#8221;default&#8221; min_height=&#8221;348px&#8221; custom_margin=&#8221;-1px|auto|11px|auto||&#8221; locked=&#8221;off&#8221; global_colors_info=&#8221;{}&#8221;][et_pb_column type=&#8221;1_3&#8243; _builder_version=&#8221;4.17.3&#8243; _module_preset=&#8221;default&#8221; global_colors_info=&#8221;{}&#8221;][difl_advanced_blurb title=&#8221;FAQ&#8221; sub_title=&#8221;Get the answers to frequently asked questions.&#8221; button_text=&#8221;learn more&#8221; button_url=&#8221;https:\/\/chulavistacenter.com\/contact\/&#8221; button_full_width=&#8221;on&#8221; blurb_icon_enable=&#8221;on&#8221; blurb_icon=&#8221;&#xf059;||fa||400&#8243; blurb_icon_color=&#8221;#000000&#8243; icon_size=&#8221;70px&#8221; blurb_icon_background_color=&#8221;RGBA(255,255,255,0)&#8221; image_icon_alignment=&#8221;center&#8221; title_url=&#8221;https:\/\/chulavistacenter.com\/\/contact\/#faq&#8221; button_background_bgcolor=&#8221;#000000&#8243; content_area_alignment=&#8221;center&#8221; blurb_img_margin=&#8221;0px||30px||false|false&#8221; blurb_icon_spacing=&#8221;0px||0px||false|false&#8221; title_margin=&#8221;||20px||false|false&#8221; sub_title_margin=&#8221;||20px||false|false&#8221; button_padding=&#8221;10px||10px||true|false&#8221; _builder_version=&#8221;4.27.4&#8243; _module_preset=&#8221;default&#8221; button_text_text_align=&#8221;center&#8221; button_text_text_color=&#8221;#FFFFFF&#8221; link_option_url=&#8221;https:\/\/chulavistacenter.com\/contact\/#faq\/&#8221; border_radii=&#8221;on|3px|3px|3px|3px&#8221; global_colors_info=&#8221;{{4aaeb86cde0baee4e02800576a45c9f62cb5fec45d9534f81bec90fbfc993456}22gcid-f8d296f8-66da-459d-bb17-9d2e1effebac{4aaeb86cde0baee4e02800576a45c9f62cb5fec45d9534f81bec90fbfc993456}22:{4aaeb86cde0baee4e02800576a45c9f62cb5fec45d9534f81bec90fbfc993456}91{4aaeb86cde0baee4e02800576a45c9f62cb5fec45d9534f81bec90fbfc993456}22button_background_bgcolor{4aaeb86cde0baee4e02800576a45c9f62cb5fec45d9534f81bec90fbfc993456}22{4aaeb86cde0baee4e02800576a45c9f62cb5fec45d9534f81bec90fbfc993456}93}&#8221;][\/difl_advanced_blurb][\/et_pb_column][et_pb_column type=&#8221;1_3&#8243; _builder_version=&#8221;4.17.3&#8243; _module_preset=&#8221;default&#8221; global_colors_info=&#8221;{}&#8221;][difl_advanced_blurb title=&#8221;Hours and property info&#8221; sub_title=&#8221;Looking for our address or hours? Searching for answers to commonly asked questions?&#8221; button_text=&#8221;learn more&#8221; button_url=&#8221;https:\/\/chulavistacenter.com\/contact\/&#8221; button_full_width=&#8221;on&#8221; blurb_icon_enable=&#8221;on&#8221; blurb_icon=&#8221;&#xf017;||fa||400&#8243; blurb_icon_color=&#8221;#000000&#8243; icon_size=&#8221;70px&#8221; blurb_icon_background_color=&#8221;RGBA(255,255,255,0)&#8221; image_icon_alignment=&#8221;center&#8221; title_url=&#8221;https:\/\/chulavistacenter.com\/\/contact\/&#8221; button_background_bgcolor=&#8221;#000000&#8243; content_area_alignment=&#8221;center&#8221; blurb_img_margin=&#8221;0px||30px||false|false&#8221; blurb_icon_spacing=&#8221;0px||0px||false|false&#8221; title_margin=&#8221;||20px||false|false&#8221; sub_title_margin=&#8221;||20px||false|false&#8221; button_padding=&#8221;10px||10px||true|false&#8221; _builder_version=&#8221;4.27.4&#8243; _module_preset=&#8221;default&#8221; button_text_text_align=&#8221;center&#8221; button_text_text_color=&#8221;#FFFFFF&#8221; link_option_url=&#8221;https:\/\/chulavistacenter.com\/contact\/&#8221; border_radii=&#8221;on|3px|3px|3px|3px&#8221; global_colors_info=&#8221;{{4aaeb86cde0baee4e02800576a45c9f62cb5fec45d9534f81bec90fbfc993456}22gcid-f8d296f8-66da-459d-bb17-9d2e1effebac{4aaeb86cde0baee4e02800576a45c9f62cb5fec45d9534f81bec90fbfc993456}22:{4aaeb86cde0baee4e02800576a45c9f62cb5fec45d9534f81bec90fbfc993456}91{4aaeb86cde0baee4e02800576a45c9f62cb5fec45d9534f81bec90fbfc993456}22button_background_bgcolor{4aaeb86cde0baee4e02800576a45c9f62cb5fec45d9534f81bec90fbfc993456}22{4aaeb86cde0baee4e02800576a45c9f62cb5fec45d9534f81bec90fbfc993456}93}&#8221;][\/difl_advanced_blurb][\/et_pb_column][et_pb_column type=&#8221;1_3&#8243; _builder_version=&#8221;4.17.3&#8243; _module_preset=&#8221;default&#8221; global_colors_info=&#8221;{}&#8221;][difl_advanced_blurb title=&#8221;View map and directory&#8221; sub_title=&#8221;See all the stores and restaurants Chula Vista Center has to offer.&#8221; button_text=&#8221;learn more&#8221; button_url=&#8221;https:\/\/chulavistacenter.com\/shops\/&#8221; button_full_width=&#8221;on&#8221; blurb_icon_enable=&#8221;on&#8221; blurb_icon=&#8221;&#xf21d;||fa||900&#8243; blurb_icon_color=&#8221;#000000&#8243; icon_size=&#8221;70px&#8221; blurb_icon_background_color=&#8221;RGBA(255,255,255,0)&#8221; image_icon_alignment=&#8221;center&#8221; title_url=&#8221;https:\/\/chulavistacenter.com\/\/shops\/&#8221; button_background_bgcolor=&#8221;#000000&#8243; content_area_alignment=&#8221;center&#8221; blurb_img_margin=&#8221;0px||30px||false|false&#8221; blurb_icon_spacing=&#8221;0px||0px||false|false&#8221; title_margin=&#8221;||20px||false|false&#8221; sub_title_margin=&#8221;||20px||false|false&#8221; button_padding=&#8221;10px||10px||true|false&#8221; _builder_version=&#8221;4.27.4&#8243; _module_preset=&#8221;default&#8221; button_text_text_align=&#8221;center&#8221; button_text_text_color=&#8221;#FFFFFF&#8221; link_option_url=&#8221;https:\/\/chulavistacenter.com\/shops\/&#8221; border_radii=&#8221;on|3px|3px|3px|3px&#8221; global_colors_info=&#8221;{{4aaeb86cde0baee4e02800576a45c9f62cb5fec45d9534f81bec90fbfc993456}22gcid-f8d296f8-66da-459d-bb17-9d2e1effebac{4aaeb86cde0baee4e02800576a45c9f62cb5fec45d9534f81bec90fbfc993456}22:{4aaeb86cde0baee4e02800576a45c9f62cb5fec45d9534f81bec90fbfc993456}91{4aaeb86cde0baee4e02800576a45c9f62cb5fec45d9534f81bec90fbfc993456}22button_background_bgcolor{4aaeb86cde0baee4e02800576a45c9f62cb5fec45d9534f81bec90fbfc993456}22{4aaeb86cde0baee4e02800576a45c9f62cb5fec45d9534f81bec90fbfc993456}93}&#8221;][\/difl_advanced_blurb][\/et_pb_column][\/et_pb_row][\/et_pb_section]<\/p>","protected":false},"excerpt":{"rendered":"<p>Chula Vista CenterA Hub for Connection, Culture, and Art&nbsp; Since 1962, Chula Vista Center has been a welcoming gathering space for families across the South Bay, offering an outdoor destination to shop, dine, and enjoy community life. Today, we\u2019re reimagining what a mall can be by blending Chula Vista events, culture, wellness, and art with [&hellip;]<\/p>","protected":false},"author":1,"featured_media":0,"parent":0,"menu_order":0,"comment_status":"closed","ping_status":"closed","template":"","meta":{"_et_pb_use_builder":"on","_et_pb_old_content":"","_et_gb_content_width":"","footnotes":""},"class_list":["post-53","page","type-page","status-publish","hentry"],"_links":{"self":[{"href":"https:\/\/chulavistacenter.com\/es\/wp-json\/wp\/v2\/pages\/53","targetHints":{"allow":["GET"]}}],"collection":[{"href":"https:\/\/chulavistacenter.com\/es\/wp-json\/wp\/v2\/pages"}],"about":[{"href":"https:\/\/chulavistacenter.com\/es\/wp-json\/wp\/v2\/types\/page"}],"author":[{"embeddable":true,"href":"https:\/\/chulavistacenter.com\/es\/wp-json\/wp\/v2\/users\/1"}],"replies":[{"embeddable":true,"href":"https:\/\/chulavistacenter.com\/es\/wp-json\/wp\/v2\/comments?post=53"}],"version-history":[{"count":32,"href":"https:\/\/chulavistacenter.com\/es\/wp-json\/wp\/v2\/pages\/53\/revisions"}],"predecessor-version":[{"id":2209,"href":"https:\/\/chulavistacenter.com\/es\/wp-json\/wp\/v2\/pages\/53\/revisions\/2209"}],"wp:attachment":[{"href":"https:\/\/chulavistacenter.com\/es\/wp-json\/wp\/v2\/media?parent=53"}],"curies":[{"name":"wp","href":"https:\/\/api.w.org\/{rel}","templated":true}]}}